{"id":2,"date":"2024-04-15T08:55:05","date_gmt":"2024-04-15T08:55:05","guid":{"rendered":"https:\/\/plattag.es-hosting.de\/?page_id=2"},"modified":"2024-04-15T11:44:21","modified_gmt":"2024-04-15T09:44:21","slug":"sample-page","status":"publish","type":"page","link":"https:\/\/plattag.es-hosting.de\/?page_id=2","title":{"rendered":"Plattd\u00fctsch"},"content":{"rendered":"\n<h3 class=\"wp-block-heading\">Plattd\u00fctsch in de Groafschup<\/h3>\n\n\n\n<p>\u00dcmdat de \u201eEurop\u00e4ische Charta der Regional- und Minderheitensprachen&#8220; dat woll, heff denn Bundestag in\u2019n Juli 1998 een Gesetz beslotten, woarin seggt wodd, dat Sproaken van L\u00f6\u00f6, de in de Minnerh\u00e4it bint, un Sproaken, de in bestimmde Kontr\u00e4ins proat \/ k\u00fc\u00fcrt wodd, anseen m\u00f6tt wonn&#8217;n at Riekdum van m\u00e4inschlik Lewen, un doar\u00fcm ock bewaart wonn&#8217;n m\u00f6tt.<\/p>\n\n\n\n<p>Ock \u00fcmdat sick doar immer me\u00e4r M\u00e4inschen \u00b4ne Masse M\u00f6ite \u00fcm dat Platte hier in\u2019t Norden van ouns Laund geewt, wodd\u2019t doch de Plattproaters minner. Bes\u00fcnners an de jungen L\u00f6\u00f6 wodd de plattd\u00fc\u00fctsche Sproake hoast nich me\u00e4r wietergewen. Et stimmt wall, dat d\u2019r me\u00e4r M\u00e4inschen Platt vestoan k\u00f6nnt as proaten \/ k\u00fcren. En et is ock soa, dat d\u2019r up&#8217;t Laund un in Huus me\u00e4r platt proat \/k\u00fc\u00fcrt wodd as in de Stadt.<\/p>\n\n\n\n<p>In de Groafschup sall nu dat Plattd\u00fc\u00fctsch we\u00e4r me\u00e4r proat \/ k\u00fc\u00fcrt wonn&#8217;n. Doar\u00fcm heff sick ock \u00b4nen Kring van L\u00f6\u00f6 funn&#8217;n, de tehoape met M\u00e4inschen van&#8217;n Landkreis ves\u00f6ken willt, bes\u00fcnners in Kinnerg\u00f6arns un Scholen f\u00f6ar disse Sproake ientetreen. Et geet dr\u00fcm, junge M\u00e4inschen f\u00f6ar&#8217;t Plattproaten \/ Plattk\u00fcren nij te maken.<\/p>\n\n\n\n<p><\/p>\n","protected":false},"excerpt":{"rendered":"<p>Plattd\u00fctsch in de Groafschup \u00dcmdat de \u201eEurop\u00e4ische Charta der Regional- und Minderheitensprachen&#8220; dat woll, heff denn Bundestag in\u2019n Juli 1998 een Gesetz beslotten, woarin seggt wodd, dat Sproaken van L\u00f6\u00f6,&hellip;<\/p>\n","protected":false},"author":1,"featured_media":0,"parent":0,"menu_order":0,"comment_status":"closed","ping_status":"open","template":"","meta":{"footnotes":""},"class_list":["post-2","page","type-page","status-publish","hentry"],"_links":{"self":[{"href":"https:\/\/plattag.es-hosting.de\/index.php?rest_route=\/wp\/v2\/pages\/2","targetHints":{"allow":["GET"]}}],"collection":[{"href":"https:\/\/plattag.es-hosting.de\/index.php?rest_route=\/wp\/v2\/pages"}],"about":[{"href":"https:\/\/plattag.es-hosting.de\/index.php?rest_route=\/wp\/v2\/types\/page"}],"author":[{"embeddable":true,"href":"https:\/\/plattag.es-hosting.de\/index.php?rest_route=\/wp\/v2\/users\/1"}],"replies":[{"embeddable":true,"href":"https:\/\/plattag.es-hosting.de\/index.php?rest_route=%2Fwp%2Fv2%2Fcomments&post=2"}],"version-history":[{"count":3,"href":"https:\/\/plattag.es-hosting.de\/index.php?rest_route=\/wp\/v2\/pages\/2\/revisions"}],"predecessor-version":[{"id":25,"href":"https:\/\/plattag.es-hosting.de\/index.php?rest_route=\/wp\/v2\/pages\/2\/revisions\/25"}],"wp:attachment":[{"href":"https:\/\/plattag.es-hosting.de\/index.php?rest_route=%2Fwp%2Fv2%2Fmedia&parent=2"}],"curies":[{"name":"wp","href":"https:\/\/api.w.org\/{rel}","templated":true}]}}